{"id":11614,"date":"2024-01-15T14:07:05","date_gmt":"2024-01-15T13:07:05","guid":{"rendered":"https:\/\/fisiominyu.com\/?page_id=11614"},"modified":"2024-03-14T10:07:50","modified_gmt":"2024-03-14T09:07:50","slug":"declaracion-d-accesibilidad","status":"publish","type":"page","link":"https:\/\/fisiominyu.com\/es\/declaracion-d-accesibilidad\/","title":{"rendered":"Declaraci\u00f3n de accesibilidad"},"content":{"rendered":"\t\t<div data-elementor-type=\"wp-page\" data-elementor-id=\"11614\" class=\"elementor elementor-11614 elementor-11427\">\n\t\t\t\t<div class=\"elementor-element elementor-element-617a7ede e-flex e-con-boxed e-con e-parent\" data-id=\"617a7ede\" data-element_type=\"container\">\n\t\t\t\t\t<div class=\"e-con-inner\">\n\t\t\t\t<div class=\"elementor-element elementor-element-637df8b2 elementor-widget elementor-widget-text-editor\" data-id=\"637df8b2\" data-element_type=\"widget\" data-widget_type=\"text-editor.default\">\n\t\t\t\t<div class=\"elementor-widget-container\">\n\t\t\t\t\t\t\t\t\t<p>Serveis d\u2019Internet Javajan SL se ha comprometido a hacer accesibles sus sitios web, de conformidad con el <a href=\"https:\/\/www.boe.es\/buscar\/act.php?id=BOE-A-2018-12699\" target=\"_blank\" rel=\"noopener\">Real Decreto 1112\/2018<\/a>, de 7 de septiembre, sobre accesibilidad de los sitios web y aplicaciones para dispositivos m\u00f3viles, por la que se traspone al ordenamiento jur\u00eddico espa\u00f1ol la <a href=\"https:\/\/eur-lex.europa.eu\/legal-content\/ES\/TXT\/?uri=uriserv:OJ.L_.2016.327.01.0001.01.SPA&amp;toc=OJ:L:2016:327:FULL\" target=\"_blank\" rel=\"noopener\">Directiva (UE) 2016\/2102 del Parlamento Europeo y del Consejo<\/a>.<\/p><p>La presente declaraci\u00f3n de accesibilidad se aplica al web <a href=\"https:\/\/fisiominyu.com\/\">https:\/\/fisiominyu.com\/<\/a><\/p><h2 class=\"western\">Situaci\u00f3n de cumplimiento<\/h2><p>Este sitio web es parcialmente conforme con el <a href=\"https:\/\/www.boe.es\/diario_boe\/txt.php?id=BOE-A-2018-12699\" target=\"_blank\" rel=\"noopener\">RD 1112\/2018<\/a> debido a las excepciones y a la falta de conformidad de los aspectos que se indican a continuaci\u00f3n.<\/p><h2>Contenido no accesible<\/h2><ul><li>El contenido que se recoge a continuaci\u00f3n no es accesible por lo siguiente:<br \/>Falta de conformidad con el RD 1112\/2018<br \/>Debido a la automatizaci\u00f3n de algunas de las publicaciones podr\u00edan existir p\u00e1ginas con un incorrecto anidamiento de etiquetas HTML.<br \/>Existen documentos en formato PDF que no cumplen con la normativa.<br \/>Podr\u00edan existir fallos puntuales de edici\u00f3n en alguna p\u00e1gina web.<\/li><li>Carga desproporcionada<br \/>No aplica.<\/li><li>Contenido que no entra dentro del \u00e1mbito de la legislaci\u00f3n aplicable<br \/>Archivos ofim\u00e1ticos en PDF u otros formatos, as\u00ed como aplicaciones publicadas antes del 20 de septiembre de 2018 que no cumplan en su totalidad todos los requisitos de accesibilidad.<br \/>Contenidos multimedia en directo.<br \/>Contenido multimedia pregrabado publicado antes de la entrada en vigor del Real Decreto.<br \/>Servicios de mapa en l\u00ednea.<\/li><\/ul><h2>Preparaci\u00f3n de la presente declaraci\u00f3n de accesibilidad<\/h2><p>La presente declaraci\u00f3n fue preparada el 23 de febrero de 2023 y est\u00e1 basada en los Informes de Accesibilidad Web del <a href=\"https:\/\/administracionelectronica.gob.es\/pae_Home\/pae_Estrategias\/pae_Accesibilidad.html\" target=\"_blank\" rel=\"noopener\">Observatorio de Accesibilidad<\/a>.<br \/>La fecha de la \u00faltima revisi\u00f3n ha sido el 30 de enero de 2024.<\/p><h2>Observaciones y datos de contacto<\/h2><p>Puede realizar comunicaciones sobre requisitos de accesibilidad (art\u00edculo 10.2 del RD 1112\/2018) como por ejemplo:<\/p><blockquote><p>\u2013 Informar sobre cualquier posible incumplimiento por parte de este sitio web<\/p><\/blockquote><blockquote><p>\u2013 Transmitir otras dificultades de acceso al contenido<\/p><\/blockquote><blockquote><p>\u2013 Formular cualquier otra consulta o sugerencia de mejora relativa a la accesibilidad del sitio web<\/p><\/blockquote><p>a trav\u00e9s del correo electr\u00f3nico info@javajan.com indicando en el asunto el nombre de la p\u00e1gina.<\/p><h2>Contenido opcional<\/h2><p>Este sitio web:<\/p><blockquote><p>\u2013 Se ha dise\u00f1ado adapt\u00e1ndose a los est\u00e1ndares y normativas vigentes en relaci\u00f3n a la accesibilidad, cumpliendo con los puntos de verificaci\u00f3n de prioridad 2 (AA) definidos en la especificaci\u00f3n de Pautas de Accesibilidad al Contenido en la Web (WCAG 2.1).<\/p><\/blockquote><blockquote><p>\u2013 Cumple con los requisitos de la Norma UNE-EN 301549 v1.1.2:2015, considerando las excepciones del Real Decreto 1112\/2018.<\/p><\/blockquote><blockquote><p>\u2013 Est\u00e1 dise\u00f1ado para su correcta visualizaci\u00f3n en dispositivos de escritorio, tablet y m\u00f3viles para una resoluci\u00f3n m\u00ednima de <strong>1280&#215;1024.<\/strong><\/p><\/blockquote><blockquote><p>\u2013 Se ha realizado utilizando HTML5 como lenguaje de marcado y hojas de estilo CSS 3 para su dise\u00f1o.<\/p><\/blockquote>\t\t\t\t\t\t\t\t<\/div>\n\t\t\t\t<\/div>\n\t\t\t\t\t<\/div>\n\t\t\t\t<\/div>\n\t\t\t\t<\/div>\n\t\t","protected":false},"excerpt":{"rendered":"<p>Serveis d\u2019Internet Javajan SL se ha comprometido a hacer accesibles sus sitios web, de conformidad con el Real Decreto 1112\/2018, de 7 de septiembre, sobre accesibilidad de los sitios web y aplicaciones para dispositivos m\u00f3viles, por la que se traspone al ordenamiento jur\u00eddico espa\u00f1ol la Directiva (UE) 2016\/2102 del Parlamento Europeo y del Consejo. La [&hellip;]<\/p>\n","protected":false},"author":1,"featured_media":0,"parent":0,"menu_order":0,"comment_status":"closed","ping_status":"open","template":"","meta":{"footnotes":""},"class_list":["post-11614","page","type-page","status-publish","hentry"],"yoast_head":"<!-- This site is optimized with the Yoast SEO plugin v26.7 - https:\/\/yoast.com\/wordpress\/plugins\/seo\/ -->\n<title>Declaraci\u00f3n de accesibilidad - Fisioter\u00e0pia Minyu<\/title>\n<meta name=\"robots\" content=\"index, follow, max-snippet:-1, max-image-preview:large, max-video-preview:-1\" \/>\n<link rel=\"canonical\" href=\"https:\/\/fisiominyu.com\/es\/declaracion-d-accesibilidad\/\" \/>\n<meta property=\"og:locale\" content=\"es_ES\" \/>\n<meta property=\"og:type\" content=\"article\" \/>\n<meta property=\"og:title\" content=\"Declaraci\u00f3n de accesibilidad - Fisioter\u00e0pia Minyu\" \/>\n<meta property=\"og:description\" content=\"Serveis d\u2019Internet Javajan SL se ha comprometido a hacer accesibles sus sitios web, de conformidad con el Real Decreto 1112\/2018, de 7 de septiembre, sobre accesibilidad de los sitios web y aplicaciones para dispositivos m\u00f3viles, por la que se traspone al ordenamiento jur\u00eddico espa\u00f1ol la Directiva (UE) 2016\/2102 del Parlamento Europeo y del Consejo. La [&hellip;]\" \/>\n<meta property=\"og:url\" content=\"https:\/\/fisiominyu.com\/es\/declaracion-d-accesibilidad\/\" \/>\n<meta property=\"og:site_name\" content=\"Fisioter\u00e0pia Minyu\" \/>\n<meta property=\"article:publisher\" content=\"https:\/\/www.facebook.com\/people\/FisioterC3A0pia-Minyu\/pfbid02YMzozxjt9hvDZXYzAsbwkQBiLnoKRGpzNZCQFsCsw1AriPhh3U9es5wGdtbfMe5Nl\/\" \/>\n<meta property=\"article:modified_time\" content=\"2024-03-14T09:07:50+00:00\" \/>\n<meta name=\"twitter:card\" content=\"summary_large_image\" \/>\n<meta name=\"twitter:label1\" content=\"Tiempo de lectura\" \/>\n\t<meta name=\"twitter:data1\" content=\"2 minutos\" \/>\n<script type=\"application\/ld+json\" class=\"yoast-schema-graph\">{\"@context\":\"https:\/\/schema.org\",\"@graph\":[{\"@type\":\"WebPage\",\"@id\":\"https:\/\/fisiominyu.com\/es\/declaracion-d-accesibilidad\/\",\"url\":\"https:\/\/fisiominyu.com\/es\/declaracion-d-accesibilidad\/\",\"name\":\"Declaraci\u00f3n de accesibilidad - Fisioter\u00e0pia Minyu\",\"isPartOf\":{\"@id\":\"https:\/\/fisiominyu.com\/#website\"},\"datePublished\":\"2024-01-15T13:07:05+00:00\",\"dateModified\":\"2024-03-14T09:07:50+00:00\",\"breadcrumb\":{\"@id\":\"https:\/\/fisiominyu.com\/es\/declaracion-d-accesibilidad\/#breadcrumb\"},\"inLanguage\":\"es\",\"potentialAction\":[{\"@type\":\"ReadAction\",\"target\":[\"https:\/\/fisiominyu.com\/es\/declaracion-d-accesibilidad\/\"]}]},{\"@type\":\"BreadcrumbList\",\"@id\":\"https:\/\/fisiominyu.com\/es\/declaracion-d-accesibilidad\/#breadcrumb\",\"itemListElement\":[{\"@type\":\"ListItem\",\"position\":1,\"name\":\"Inici\",\"item\":\"https:\/\/fisiominyu.com\/\"},{\"@type\":\"ListItem\",\"position\":2,\"name\":\"Declaraci\u00f3n de accesibilidad\"}]},{\"@type\":\"WebSite\",\"@id\":\"https:\/\/fisiominyu.com\/#website\",\"url\":\"https:\/\/fisiominyu.com\/\",\"name\":\"Fisioter\u00e0pia Minyu\",\"description\":\"\u00c9s salut!\",\"publisher\":{\"@id\":\"https:\/\/fisiominyu.com\/#organization\"},\"potentialAction\":[{\"@type\":\"SearchAction\",\"target\":{\"@type\":\"EntryPoint\",\"urlTemplate\":\"https:\/\/fisiominyu.com\/?s={search_term_string}\"},\"query-input\":{\"@type\":\"PropertyValueSpecification\",\"valueRequired\":true,\"valueName\":\"search_term_string\"}}],\"inLanguage\":\"es\"},{\"@type\":\"Organization\",\"@id\":\"https:\/\/fisiominyu.com\/#organization\",\"name\":\"Fisioter\u00e0pia Minyu\",\"url\":\"https:\/\/fisiominyu.com\/\",\"logo\":{\"@type\":\"ImageObject\",\"inLanguage\":\"es\",\"@id\":\"https:\/\/fisiominyu.com\/#\/schema\/logo\/image\/\",\"url\":\"https:\/\/fisiominyu.com\/wp-content\/uploads\/2024\/03\/logoweb-e1709828131936.png\",\"contentUrl\":\"https:\/\/fisiominyu.com\/wp-content\/uploads\/2024\/03\/logoweb-e1709828131936.png\",\"width\":794,\"height\":607,\"caption\":\"Fisioter\u00e0pia Minyu\"},\"image\":{\"@id\":\"https:\/\/fisiominyu.com\/#\/schema\/logo\/image\/\"},\"sameAs\":[\"https:\/\/www.facebook.com\/people\/FisioterC3A0pia-Minyu\/pfbid02YMzozxjt9hvDZXYzAsbwkQBiLnoKRGpzNZCQFsCsw1AriPhh3U9es5wGdtbfMe5Nl\/\",\"https:\/\/www.instagram.com\/fisiominyu\/\"]}]}<\/script>\n<!-- \/ Yoast SEO plugin. -->","yoast_head_json":{"title":"Declaraci\u00f3n de accesibilidad - Fisioter\u00e0pia Minyu","robots":{"index":"index","follow":"follow","max-snippet":"max-snippet:-1","max-image-preview":"max-image-preview:large","max-video-preview":"max-video-preview:-1"},"canonical":"https:\/\/fisiominyu.com\/es\/declaracion-d-accesibilidad\/","og_locale":"es_ES","og_type":"article","og_title":"Declaraci\u00f3n de accesibilidad - Fisioter\u00e0pia Minyu","og_description":"Serveis d\u2019Internet Javajan SL se ha comprometido a hacer accesibles sus sitios web, de conformidad con el Real Decreto 1112\/2018, de 7 de septiembre, sobre accesibilidad de los sitios web y aplicaciones para dispositivos m\u00f3viles, por la que se traspone al ordenamiento jur\u00eddico espa\u00f1ol la Directiva (UE) 2016\/2102 del Parlamento Europeo y del Consejo. La [&hellip;]","og_url":"https:\/\/fisiominyu.com\/es\/declaracion-d-accesibilidad\/","og_site_name":"Fisioter\u00e0pia Minyu","article_publisher":"https:\/\/www.facebook.com\/people\/FisioterC3A0pia-Minyu\/pfbid02YMzozxjt9hvDZXYzAsbwkQBiLnoKRGpzNZCQFsCsw1AriPhh3U9es5wGdtbfMe5Nl\/","article_modified_time":"2024-03-14T09:07:50+00:00","twitter_card":"summary_large_image","twitter_misc":{"Tiempo de lectura":"2 minutos"},"schema":{"@context":"https:\/\/schema.org","@graph":[{"@type":"WebPage","@id":"https:\/\/fisiominyu.com\/es\/declaracion-d-accesibilidad\/","url":"https:\/\/fisiominyu.com\/es\/declaracion-d-accesibilidad\/","name":"Declaraci\u00f3n de accesibilidad - Fisioter\u00e0pia Minyu","isPartOf":{"@id":"https:\/\/fisiominyu.com\/#website"},"datePublished":"2024-01-15T13:07:05+00:00","dateModified":"2024-03-14T09:07:50+00:00","breadcrumb":{"@id":"https:\/\/fisiominyu.com\/es\/declaracion-d-accesibilidad\/#breadcrumb"},"inLanguage":"es","potentialAction":[{"@type":"ReadAction","target":["https:\/\/fisiominyu.com\/es\/declaracion-d-accesibilidad\/"]}]},{"@type":"BreadcrumbList","@id":"https:\/\/fisiominyu.com\/es\/declaracion-d-accesibilidad\/#breadcrumb","itemListElement":[{"@type":"ListItem","position":1,"name":"Inici","item":"https:\/\/fisiominyu.com\/"},{"@type":"ListItem","position":2,"name":"Declaraci\u00f3n de accesibilidad"}]},{"@type":"WebSite","@id":"https:\/\/fisiominyu.com\/#website","url":"https:\/\/fisiominyu.com\/","name":"Fisioter\u00e0pia Minyu","description":"\u00c9s salut!","publisher":{"@id":"https:\/\/fisiominyu.com\/#organization"},"potentialAction":[{"@type":"SearchAction","target":{"@type":"EntryPoint","urlTemplate":"https:\/\/fisiominyu.com\/?s={search_term_string}"},"query-input":{"@type":"PropertyValueSpecification","valueRequired":true,"valueName":"search_term_string"}}],"inLanguage":"es"},{"@type":"Organization","@id":"https:\/\/fisiominyu.com\/#organization","name":"Fisioter\u00e0pia Minyu","url":"https:\/\/fisiominyu.com\/","logo":{"@type":"ImageObject","inLanguage":"es","@id":"https:\/\/fisiominyu.com\/#\/schema\/logo\/image\/","url":"https:\/\/fisiominyu.com\/wp-content\/uploads\/2024\/03\/logoweb-e1709828131936.png","contentUrl":"https:\/\/fisiominyu.com\/wp-content\/uploads\/2024\/03\/logoweb-e1709828131936.png","width":794,"height":607,"caption":"Fisioter\u00e0pia Minyu"},"image":{"@id":"https:\/\/fisiominyu.com\/#\/schema\/logo\/image\/"},"sameAs":["https:\/\/www.facebook.com\/people\/FisioterC3A0pia-Minyu\/pfbid02YMzozxjt9hvDZXYzAsbwkQBiLnoKRGpzNZCQFsCsw1AriPhh3U9es5wGdtbfMe5Nl\/","https:\/\/www.instagram.com\/fisiominyu\/"]}]}},"_links":{"self":[{"href":"https:\/\/fisiominyu.com\/es\/wp-json\/wp\/v2\/pages\/11614","targetHints":{"allow":["GET"]}}],"collection":[{"href":"https:\/\/fisiominyu.com\/es\/wp-json\/wp\/v2\/pages"}],"about":[{"href":"https:\/\/fisiominyu.com\/es\/wp-json\/wp\/v2\/types\/page"}],"author":[{"embeddable":true,"href":"https:\/\/fisiominyu.com\/es\/wp-json\/wp\/v2\/users\/1"}],"replies":[{"embeddable":true,"href":"https:\/\/fisiominyu.com\/es\/wp-json\/wp\/v2\/comments?post=11614"}],"version-history":[{"count":17,"href":"https:\/\/fisiominyu.com\/es\/wp-json\/wp\/v2\/pages\/11614\/revisions"}],"predecessor-version":[{"id":11653,"href":"https:\/\/fisiominyu.com\/es\/wp-json\/wp\/v2\/pages\/11614\/revisions\/11653"}],"wp:attachment":[{"href":"https:\/\/fisiominyu.com\/es\/wp-json\/wp\/v2\/media?parent=11614"}],"curies":[{"name":"wp","href":"https:\/\/api.w.org\/{rel}","templated":true}]}}