{"id":11447,"date":"2020-06-10T11:50:41","date_gmt":"2020-06-10T09:50:41","guid":{"rendered":"https:\/\/fisiominyu.com\/?page_id=11447"},"modified":"2024-04-26T10:24:44","modified_gmt":"2024-04-26T08:24:44","slug":"quienes-somos","status":"publish","type":"page","link":"https:\/\/fisiominyu.com\/es\/quienes-somos\/","title":{"rendered":"Qui\u00e9nes somos"},"content":{"rendered":"\t\t<div data-elementor-type=\"wp-page\" data-elementor-id=\"11447\" class=\"elementor elementor-11447 elementor-360\">\n\t\t\t\t\t\t<section class=\"elementor-section elementor-top-section elementor-element elementor-element-3924960 elementor-section-boxed elementor-section-height-default elementor-section-height-default\" data-id=\"3924960\" data-element_type=\"section\">\n\t\t\t\t\t\t<div class=\"elementor-container elementor-column-gap-default\">\n\t\t\t\t\t<div class=\"elementor-column elementor-col-50 elementor-top-column elementor-element elementor-element-9d4254b\" data-id=\"9d4254b\" data-element_type=\"column\">\n\t\t\t<div class=\"elementor-widget-wrap elementor-element-populated\">\n\t\t\t\t\t\t<div class=\"elementor-element elementor-element-84c5c64 elementor-widget elementor-widget-witr_section_s_image\" data-id=\"84c5c64\" data-element_type=\"widget\" data-widget_type=\"witr_section_s_image.default\">\n\t\t\t\t<div class=\"elementor-widget-container\">\n\t\t\t\t\t\t\n\t\t<div class=\"single_image_area\">\n\t\t\t<div class=\"single_image single_line_option  \">\n\t\t\t\t<!-- image -->\n\t\t\t\t<img fetchpriority=\"high\" decoding=\"async\" width=\"529\" height=\"573\" src=\"https:\/\/fisiominyu.com\/wp-content\/uploads\/2024\/01\/quisomdoble.png\" class=\"attachment-large size-large wp-image-11094\" alt=\"\" srcset=\"https:\/\/fisiominyu.com\/wp-content\/uploads\/2024\/01\/quisomdoble.png 529w, https:\/\/fisiominyu.com\/wp-content\/uploads\/2024\/01\/quisomdoble-277x300.png 277w\" sizes=\"(max-width: 529px) 100vw, 529px\" \/>\t\t\n\t\t\t\t\t\t\t\t\t\t\t<\/div>\n\t\t<\/div>\n\t\t\t\n\t\t\t\n\t\t\n\t\t\t\n\t\t\t\t\t\t<\/div>\n\t\t\t\t<\/div>\n\t\t\t\t\t<\/div>\n\t\t<\/div>\n\t\t\t\t<div class=\"elementor-column elementor-col-50 elementor-top-column elementor-element elementor-element-3adf1c4\" data-id=\"3adf1c4\" data-element_type=\"column\">\n\t\t\t<div class=\"elementor-widget-wrap elementor-element-populated\">\n\t\t\t\t\t\t<div class=\"elementor-element elementor-element-049ce73 elementor-widget elementor-widget-heading\" data-id=\"049ce73\" data-element_type=\"widget\" data-widget_type=\"heading.default\">\n\t\t\t\t<div class=\"elementor-widget-container\">\n\t\t\t\t\t<h1 class=\"elementor-heading-title elementor-size-default\">Con\u00f3cenos un poco m\u00e1s<\/h1>\t\t\t\t<\/div>\n\t\t\t\t<\/div>\n\t\t\t\t<div class=\"elementor-element elementor-element-262ab33 poket-star-rating--align-center elementor-widget elementor-widget-witr_section_title\" data-id=\"262ab33\" data-element_type=\"widget\" data-widget_type=\"witr_section_title.default\">\n\t\t\t\t<div class=\"elementor-widget-container\">\n\t\t\t\t\t\t\t\t\t\t<!-- title left -->\n\t\t\t\t\t<div class=\"witr_section_title\">\n\t\t\t\t\t\t<div class=\"witr_section_title_inner text-left\">\n\t\t\t\t\t\t\n\t\t\t\t\t\t\t<!-- icon position -->\n\t\t\t\t\t\t\t\t\n\t\t\t\t\t\t\t<!-- end icon position -->\n\t\t\t\t\t\t\n\t\t\t\t\t\t\n\t\t\t\t\t\t\t<!-- title top -->\n\t\t\t\t\t\t\t\n\t\t\t\t\t\t\t<!-- icon position -->\n\t\t\t\t\t\t\t\t\n\t\t\t\t\t\t\t<!-- end icon position -->\n\n\t\t\t\t\t\t\t\n\t\t\t\t\t\t\t<!-- title middle -->\n\t\t\t\t\t\t\t\t\t\t\t\t\t\t\t<h3>\n<\/h3>\t\t\n\t\t\t\t\t\t\t\t\t\t\t\t\t\t<!-- title bottom -->\n\t\t\t\t\t\t\t\t\t\t\t\t\t\t\n\t\t\t\t\t\t\t<!-- icon position -->\n\t\t\t\t\t\t\t\t\t\t\t\t\t\t\n\t\t\t\t\t\t\t<!-- image -->\n\t\t\t\t\t\t\t\t\t\t\t\t\t\t<!-- icon -->\n\t\t\t\t\t\t\t\t\t\t\t\t\t\t\n\t\t\t\t\t\t\t<!-- bar -->\n\t\t\t\t\t\t\t\t\t\t\t\t\t\t<!-- circle bar -->\n\t\t\t\t\t\t\t\t\t\t\t\t\t\t\n\t\t\t\t\t\t\t\t\n\t\t\t\t\t\t\t<!-- end icon position -->\n\n\t\t\t\t\t\t\t<!-- content -->\n\t\t\t\t\t\t\t\t\t\t\t\t\t\t\t<p>Bienvenidas y bienvenidos a Fisioter\u00e0pia Minyu, un proyecto personal dedicado a tu bienestar f\u00edsico y tu recuperaci\u00f3n. Nuestro equipo de profesionales trabaja para ofrecerte una atenci\u00f3n personalizada y de calidad.\n\nDespu\u00e9s de a\u00f1os de experiencia en el campo de la fisioterapia, creemos que es necesario abordar cada paciente de manera global, adapt\u00e1ndonos a sus necesidades y trabajando conjuntamente para conseguir los mejores resultados.\n\nHace un tiempo que trabajamos con INDIBA activ, una tecnolog\u00eda avanzada que complementa nuestros tratamientos: Reduce el dolor, controla los procesos inflamatorios y acelera la reparaci\u00f3n del tejido da\u00f1ado.\n\nLa confianza y el bienestar de los pacientes es nuestra prioridad y trabajamos constantemente para ofrecer un servicio excepcional en un entorno acogedor para todos los que nos otorgan confianza.\n <\/p>\t\t\n\t\t\t\t\t\t\t\t\t\t\t\t\t<\/div>\n\t\t\t\t\t\t\t<!-- inner title -->\n\t\t\t\t\t\t\t\t\t\t\t\t\t\n\t\t\t\t\t<\/div>\t\t\t\t\n\t\t\t\t\t\t\t\t<\/div>\n\t\t\t\t<\/div>\n\t\t\t\t\t<\/div>\n\t\t<\/div>\n\t\t\t\t\t<\/div>\n\t\t<\/section>\n\t\t\t\t<section class=\"elementor-section elementor-top-section elementor-element elementor-element-1ed914c elementor-section-boxed elementor-section-height-default elementor-section-height-default\" data-id=\"1ed914c\" data-element_type=\"section\" data-settings=\"{&quot;background_background&quot;:&quot;classic&quot;}\">\n\t\t\t\t\t\t\t<div class=\"elementor-background-overlay\"><\/div>\n\t\t\t\t\t\t\t<div class=\"elementor-container elementor-column-gap-default\">\n\t\t\t\t\t<div class=\"elementor-column elementor-col-100 elementor-top-column elementor-element elementor-element-3059c51\" data-id=\"3059c51\" data-element_type=\"column\">\n\t\t\t<div class=\"elementor-widget-wrap elementor-element-populated\">\n\t\t\t\t\t\t<div class=\"elementor-element elementor-element-65c2de9 poket-star-rating--align-center elementor-widget elementor-widget-witr_section_title\" data-id=\"65c2de9\" data-element_type=\"widget\" data-widget_type=\"witr_section_title.default\">\n\t\t\t\t<div class=\"elementor-widget-container\">\n\t\t\t\t\t\t\t\t\t\t<!-- title center -->\n\t\t\t\t\t<div class=\"witr_section_title\">\n\t\t\t\t\t\t<div class=\"witr_section_title_inner text-center\">\n\n\t\t\t\t\t\t\t<!-- icon position -->\n\t\t\t\t\t\t\t\t\n\t\t\t\t\t\t\t<!-- end icon position -->\n\t\t\t\t\t\t\t\n\t\t\t\t\t\t\n\t\t\t\t\t\t\t<!-- title top -->\n\t\t\t\t\t\t\t\n\n\t\t\t\t\t\t\t<!-- icon position -->\n\t\t\t\t\t\t\t\t\n\t\t\t\t\t\t\t<!-- end icon position -->\n\n\n\t\t\t\t\t\t\t\n\t\t\t\t\t\t\t<!-- title middle -->\n\t\t\t\t\t\t\t\t\t\t\t\t\t\t\t<h3>Nos encontrar\u00e1s en\n<\/h3>\t\t\n\t\t\t\t\t\t\t\t\t\t\t\t\t\t<!-- title bottom -->\n\t\t\t\t\t\t\t\n\t\t\t\t\t\t\t\n\t\t\t\t\t\t\t\n\t\t\t\t\t\t\t\t\t\t\t\t\t\t\n\t\t\t\t\t\t\t<!-- image -->\n\t\t\t\t\t\t\t\t\t\t\t\t\t\t<!-- icon -->\n\t\t\t\t\t\t\t\t\t\t\t\t\t\t\n\t\t\t\t\t\t\t<!-- bar -->\n\t\t\t\t\t\t\t\t\t\t\t\t\t\t<!-- circle bar -->\n\t\t\t\t\t\t\t\t\t\t\t\t\t\t\n\t\t\t\t\t\t\t\t\n\t\t\t\t\t\t\t\n\n\t\t\t\t\t\t\t\n\t\t\t\t\t\t\t<!-- content -->\n\t\t\t\t\t\t\t\t\t\t\t\t\t\t\n\t\t\t\t\t\t<\/div>\n\t\t\t\t\t\t\t<!-- inner title -->\n\t\t\t\t\t\t\t\t\t\t\t\t\t\n\t\t\t\t\t<\/div>\n\n\t\t\t\t\t\t\t\t<\/div>\n\t\t\t\t<\/div>\n\t\t\t\t<section class=\"elementor-section elementor-inner-section elementor-element elementor-element-c872df3 elementor-section-boxed elementor-section-height-default elementor-section-height-default\" data-id=\"c872df3\" data-element_type=\"section\">\n\t\t\t\t\t\t<div class=\"elementor-container elementor-column-gap-default\">\n\t\t\t\t\t<div class=\"elementor-column elementor-col-33 elementor-inner-column elementor-element elementor-element-22c32b1\" data-id=\"22c32b1\" data-element_type=\"column\">\n\t\t\t<div class=\"elementor-widget-wrap elementor-element-populated\">\n\t\t\t\t\t\t<div class=\"elementor-element elementor-element-57166b7 elementor-widget elementor-widget-witr_section_service\" data-id=\"57166b7\" data-element_type=\"widget\" data-widget_type=\"witr_section_service.default\">\n\t\t\t\t<div class=\"elementor-widget-container\">\n\t\t\t\t\t\t\t\n\t\t\t<div class=\"service-item all_color_service width_height_link_0 text-center  \">\n\t\t\t\t<div class=\"service_top_image\">\n\t\t\t\t\t<!-- image -->\n\t\t\t\t\t\t\t\t\n\t\t\t\t<\/div>\n\t\t\t\t<div class=\"text_box all_icon_color\">\n\t\t\t\t\t<!-- icon -->\n\t\t\t\t\t\t\t\t\t\t\t<i class=\"flaticon flaticon-phone\"><\/i>\n\t\t\t\t\t\t\t\t\t\t<!-- custom icon -->\n\t\t\t\t\t\t\t\t\t\n\t\t\t\t\t<!-- image -->\n\t\t\t\t\t\t\n\t\t\t\t\t<!-- title -->\n\t\t\t\t\t\t\t\t\t\t\t\t\t\t\t<h3>676 52 05 88 <\/h3>\n\t\t\t\t\t\t\t\t\t\t\t\t\t\t\t<!-- content -->\n\t\t\t\t\t\t\t\t\t\t<!-- button -->\n\t\t\t\t\t\t\t\t\t\n\t\t\t\t<\/div> <!-- text_box -->\t\t\t\t\t\t\t\n\t\t\t<\/div> <!-- service item -->\t\t\t\t\t\t\t\n \t\t\t\t\t\t<\/div>\n\t\t\t\t<\/div>\n\t\t\t\t\t<\/div>\n\t\t<\/div>\n\t\t\t\t<div class=\"elementor-column elementor-col-33 elementor-inner-column elementor-element elementor-element-79b54fa\" data-id=\"79b54fa\" data-element_type=\"column\">\n\t\t\t<div class=\"elementor-widget-wrap elementor-element-populated\">\n\t\t\t\t\t\t<div class=\"elementor-element elementor-element-fa192af elementor-widget elementor-widget-witr_section_service\" data-id=\"fa192af\" data-element_type=\"widget\" data-widget_type=\"witr_section_service.default\">\n\t\t\t\t<div class=\"elementor-widget-container\">\n\t\t\t\t\t\t\t\n\t\t\t<div class=\"service-item all_color_service width_height_link_0 text-center  \">\n\t\t\t\t<div class=\"service_top_image\">\n\t\t\t\t\t<!-- image -->\n\t\t\t\t\t\t\t\t\n\t\t\t\t<\/div>\n\t\t\t\t<div class=\"text_box all_icon_color\">\n\t\t\t\t\t<!-- icon -->\n\t\t\t\t\t\t\t\t\t\t\t<i class=\"flaticon flaticon-mail\"><\/i>\n\t\t\t\t\t\t\t\t\t\t<!-- custom icon -->\n\t\t\t\t\t\t\t\t\t\n\t\t\t\t\t<!-- image -->\n\t\t\t\t\t\t\n\t\t\t\t\t<!-- title -->\n\t\t\t\t\t\t\t\t\t\t\t\t\t\t\t<h3>info@fisiominyu.com <\/h3>\n\t\t\t\t\t\t\t\t\t\t\t\t\t\t\t<!-- content -->\n\t\t\t\t\t\t\t\t\t\t<!-- button -->\n\t\t\t\t\t\t\t\t\t\n\t\t\t\t<\/div> <!-- text_box -->\t\t\t\t\t\t\t\n\t\t\t<\/div> <!-- service item -->\t\t\t\t\t\t\t\n \t\t\t\t\t\t<\/div>\n\t\t\t\t<\/div>\n\t\t\t\t\t<\/div>\n\t\t<\/div>\n\t\t\t\t<div class=\"elementor-column elementor-col-33 elementor-inner-column elementor-element elementor-element-2eca6d1\" data-id=\"2eca6d1\" data-element_type=\"column\">\n\t\t\t<div class=\"elementor-widget-wrap elementor-element-populated\">\n\t\t\t\t\t\t<div class=\"elementor-element elementor-element-c1923b6 elementor-widget elementor-widget-witr_section_service\" data-id=\"c1923b6\" data-element_type=\"widget\" data-widget_type=\"witr_section_service.default\">\n\t\t\t\t<div class=\"elementor-widget-container\">\n\t\t\t\t\t\t\t\n\t\t\t<div class=\"service-item all_color_service width_height_link_0 text-center  \">\n\t\t\t\t<div class=\"service_top_image\">\n\t\t\t\t\t<!-- image -->\n\t\t\t\t\t\t\t\t\n\t\t\t\t<\/div>\n\t\t\t\t<div class=\"text_box all_icon_color\">\n\t\t\t\t\t<!-- icon -->\n\t\t\t\t\t\t\t\t\t\t\t<i class=\"flaticon flaticon-instagram-logo\"><\/i>\n\t\t\t\t\t\t\t\t\t\t<!-- custom icon -->\n\t\t\t\t\t\t\t\t\t\n\t\t\t\t\t<!-- image -->\n\t\t\t\t\t\t\n\t\t\t\t\t<!-- title -->\n\t\t\t\t\t\t\t\t\t\t\t\t\t\t\t<h3>@fisiominyu <\/h3>\n\t\t\t\t\t\t\t\t\t\t\t\t\t\t\t<!-- content -->\n\t\t\t\t\t\t\t\t\t\t<!-- button -->\n\t\t\t\t\t\t\t\t\t\n\t\t\t\t<\/div> <!-- text_box -->\t\t\t\t\t\t\t\n\t\t\t<\/div> <!-- service item -->\t\t\t\t\t\t\t\n \t\t\t\t\t\t<\/div>\n\t\t\t\t<\/div>\n\t\t\t\t\t<\/div>\n\t\t<\/div>\n\t\t\t\t\t<\/div>\n\t\t<\/section>\n\t\t\t\t\t<\/div>\n\t\t<\/div>\n\t\t\t\t\t<\/div>\n\t\t<\/section>\n\t\t\t\t<\/div>\n\t\t","protected":false},"excerpt":{"rendered":"<p>Con\u00f3cenos un poco m\u00e1s Bienvenidas y bienvenidos a Fisioter\u00e0pia Minyu, un proyecto personal dedicado a tu bienestar f\u00edsico y tu recuperaci\u00f3n. Nuestro equipo de profesionales trabaja para ofrecerte una atenci\u00f3n personalizada y de calidad. Despu\u00e9s de a\u00f1os de experiencia en el campo de la fisioterapia, creemos que es necesario abordar cada paciente de manera global, [&hellip;]<\/p>\n","protected":false},"author":1,"featured_media":0,"parent":0,"menu_order":0,"comment_status":"closed","ping_status":"closed","template":"template-home.php","meta":{"footnotes":""},"class_list":["post-11447","page","type-page","status-publish","hentry"],"yoast_head":"<!-- This site is optimized with the Yoast SEO plugin v26.7 - https:\/\/yoast.com\/wordpress\/plugins\/seo\/ -->\n<title>Fisioterapia traumatol\u00f3gica, deportiva y neurol\u00f3gica<\/title>\n<meta name=\"description\" content=\"En nuestro centro, cada paciente recibe un plan de fisioterapia personalizado. Expertos en rehabilitaci\u00f3n y alivio del dolor.\" \/>\n<meta name=\"robots\" content=\"index, follow, max-snippet:-1, max-image-preview:large, max-video-preview:-1\" \/>\n<link rel=\"canonical\" href=\"https:\/\/fisiominyu.com\/es\/quienes-somos\/\" \/>\n<meta property=\"og:locale\" content=\"es_ES\" \/>\n<meta property=\"og:type\" content=\"article\" \/>\n<meta property=\"og:title\" content=\"Fisioterapia traumatol\u00f3gica, deportiva y neurol\u00f3gica\" \/>\n<meta property=\"og:description\" content=\"En nuestro centro, cada paciente recibe un plan de fisioterapia personalizado. Expertos en rehabilitaci\u00f3n y alivio del dolor.\" \/>\n<meta property=\"og:url\" content=\"https:\/\/fisiominyu.com\/es\/quienes-somos\/\" \/>\n<meta property=\"og:site_name\" content=\"Fisioter\u00e0pia Minyu\" \/>\n<meta property=\"article:publisher\" content=\"https:\/\/www.facebook.com\/people\/FisioterC3A0pia-Minyu\/pfbid02YMzozxjt9hvDZXYzAsbwkQBiLnoKRGpzNZCQFsCsw1AriPhh3U9es5wGdtbfMe5Nl\/\" \/>\n<meta property=\"article:modified_time\" content=\"2024-04-26T08:24:44+00:00\" \/>\n<meta property=\"og:image\" content=\"https:\/\/fisiominyu.com\/wp-content\/uploads\/2024\/01\/quisomdoble.png\" \/>\n<meta name=\"twitter:card\" content=\"summary_large_image\" \/>\n<meta name=\"twitter:label1\" content=\"Tiempo de lectura\" \/>\n\t<meta name=\"twitter:data1\" content=\"1 minuto\" \/>\n<script type=\"application\/ld+json\" class=\"yoast-schema-graph\">{\"@context\":\"https:\/\/schema.org\",\"@graph\":[{\"@type\":\"WebPage\",\"@id\":\"https:\/\/fisiominyu.com\/es\/quienes-somos\/\",\"url\":\"https:\/\/fisiominyu.com\/es\/quienes-somos\/\",\"name\":\"Fisioterapia traumatol\u00f3gica, deportiva y neurol\u00f3gica\",\"isPartOf\":{\"@id\":\"https:\/\/fisiominyu.com\/#website\"},\"primaryImageOfPage\":{\"@id\":\"https:\/\/fisiominyu.com\/es\/quienes-somos\/#primaryimage\"},\"image\":{\"@id\":\"https:\/\/fisiominyu.com\/es\/quienes-somos\/#primaryimage\"},\"thumbnailUrl\":\"https:\/\/fisiominyu.com\/wp-content\/uploads\/2024\/01\/quisomdoble.png\",\"datePublished\":\"2020-06-10T09:50:41+00:00\",\"dateModified\":\"2024-04-26T08:24:44+00:00\",\"description\":\"En nuestro centro, cada paciente recibe un plan de fisioterapia personalizado. Expertos en rehabilitaci\u00f3n y alivio del dolor.\",\"breadcrumb\":{\"@id\":\"https:\/\/fisiominyu.com\/es\/quienes-somos\/#breadcrumb\"},\"inLanguage\":\"es\",\"potentialAction\":[{\"@type\":\"ReadAction\",\"target\":[\"https:\/\/fisiominyu.com\/es\/quienes-somos\/\"]}]},{\"@type\":\"ImageObject\",\"inLanguage\":\"es\",\"@id\":\"https:\/\/fisiominyu.com\/es\/quienes-somos\/#primaryimage\",\"url\":\"https:\/\/fisiominyu.com\/wp-content\/uploads\/2024\/01\/quisomdoble.png\",\"contentUrl\":\"https:\/\/fisiominyu.com\/wp-content\/uploads\/2024\/01\/quisomdoble.png\"},{\"@type\":\"BreadcrumbList\",\"@id\":\"https:\/\/fisiominyu.com\/es\/quienes-somos\/#breadcrumb\",\"itemListElement\":[{\"@type\":\"ListItem\",\"position\":1,\"name\":\"Inici\",\"item\":\"https:\/\/fisiominyu.com\/\"},{\"@type\":\"ListItem\",\"position\":2,\"name\":\"Qui\u00e9nes somos\"}]},{\"@type\":\"WebSite\",\"@id\":\"https:\/\/fisiominyu.com\/#website\",\"url\":\"https:\/\/fisiominyu.com\/\",\"name\":\"Fisioter\u00e0pia Minyu\",\"description\":\"\u00c9s salut!\",\"publisher\":{\"@id\":\"https:\/\/fisiominyu.com\/#organization\"},\"potentialAction\":[{\"@type\":\"SearchAction\",\"target\":{\"@type\":\"EntryPoint\",\"urlTemplate\":\"https:\/\/fisiominyu.com\/?s={search_term_string}\"},\"query-input\":{\"@type\":\"PropertyValueSpecification\",\"valueRequired\":true,\"valueName\":\"search_term_string\"}}],\"inLanguage\":\"es\"},{\"@type\":\"Organization\",\"@id\":\"https:\/\/fisiominyu.com\/#organization\",\"name\":\"Fisioter\u00e0pia Minyu\",\"url\":\"https:\/\/fisiominyu.com\/\",\"logo\":{\"@type\":\"ImageObject\",\"inLanguage\":\"es\",\"@id\":\"https:\/\/fisiominyu.com\/#\/schema\/logo\/image\/\",\"url\":\"https:\/\/fisiominyu.com\/wp-content\/uploads\/2024\/03\/logoweb-e1709828131936.png\",\"contentUrl\":\"https:\/\/fisiominyu.com\/wp-content\/uploads\/2024\/03\/logoweb-e1709828131936.png\",\"width\":794,\"height\":607,\"caption\":\"Fisioter\u00e0pia Minyu\"},\"image\":{\"@id\":\"https:\/\/fisiominyu.com\/#\/schema\/logo\/image\/\"},\"sameAs\":[\"https:\/\/www.facebook.com\/people\/FisioterC3A0pia-Minyu\/pfbid02YMzozxjt9hvDZXYzAsbwkQBiLnoKRGpzNZCQFsCsw1AriPhh3U9es5wGdtbfMe5Nl\/\",\"https:\/\/www.instagram.com\/fisiominyu\/\"]}]}<\/script>\n<!-- \/ Yoast SEO plugin. -->","yoast_head_json":{"title":"Fisioterapia traumatol\u00f3gica, deportiva y neurol\u00f3gica","description":"En nuestro centro, cada paciente recibe un plan de fisioterapia personalizado. Expertos en rehabilitaci\u00f3n y alivio del dolor.","robots":{"index":"index","follow":"follow","max-snippet":"max-snippet:-1","max-image-preview":"max-image-preview:large","max-video-preview":"max-video-preview:-1"},"canonical":"https:\/\/fisiominyu.com\/es\/quienes-somos\/","og_locale":"es_ES","og_type":"article","og_title":"Fisioterapia traumatol\u00f3gica, deportiva y neurol\u00f3gica","og_description":"En nuestro centro, cada paciente recibe un plan de fisioterapia personalizado. Expertos en rehabilitaci\u00f3n y alivio del dolor.","og_url":"https:\/\/fisiominyu.com\/es\/quienes-somos\/","og_site_name":"Fisioter\u00e0pia Minyu","article_publisher":"https:\/\/www.facebook.com\/people\/FisioterC3A0pia-Minyu\/pfbid02YMzozxjt9hvDZXYzAsbwkQBiLnoKRGpzNZCQFsCsw1AriPhh3U9es5wGdtbfMe5Nl\/","article_modified_time":"2024-04-26T08:24:44+00:00","og_image":[{"url":"https:\/\/fisiominyu.com\/wp-content\/uploads\/2024\/01\/quisomdoble.png","type":"","width":"","height":""}],"twitter_card":"summary_large_image","twitter_misc":{"Tiempo de lectura":"1 minuto"},"schema":{"@context":"https:\/\/schema.org","@graph":[{"@type":"WebPage","@id":"https:\/\/fisiominyu.com\/es\/quienes-somos\/","url":"https:\/\/fisiominyu.com\/es\/quienes-somos\/","name":"Fisioterapia traumatol\u00f3gica, deportiva y neurol\u00f3gica","isPartOf":{"@id":"https:\/\/fisiominyu.com\/#website"},"primaryImageOfPage":{"@id":"https:\/\/fisiominyu.com\/es\/quienes-somos\/#primaryimage"},"image":{"@id":"https:\/\/fisiominyu.com\/es\/quienes-somos\/#primaryimage"},"thumbnailUrl":"https:\/\/fisiominyu.com\/wp-content\/uploads\/2024\/01\/quisomdoble.png","datePublished":"2020-06-10T09:50:41+00:00","dateModified":"2024-04-26T08:24:44+00:00","description":"En nuestro centro, cada paciente recibe un plan de fisioterapia personalizado. Expertos en rehabilitaci\u00f3n y alivio del dolor.","breadcrumb":{"@id":"https:\/\/fisiominyu.com\/es\/quienes-somos\/#breadcrumb"},"inLanguage":"es","potentialAction":[{"@type":"ReadAction","target":["https:\/\/fisiominyu.com\/es\/quienes-somos\/"]}]},{"@type":"ImageObject","inLanguage":"es","@id":"https:\/\/fisiominyu.com\/es\/quienes-somos\/#primaryimage","url":"https:\/\/fisiominyu.com\/wp-content\/uploads\/2024\/01\/quisomdoble.png","contentUrl":"https:\/\/fisiominyu.com\/wp-content\/uploads\/2024\/01\/quisomdoble.png"},{"@type":"BreadcrumbList","@id":"https:\/\/fisiominyu.com\/es\/quienes-somos\/#breadcrumb","itemListElement":[{"@type":"ListItem","position":1,"name":"Inici","item":"https:\/\/fisiominyu.com\/"},{"@type":"ListItem","position":2,"name":"Qui\u00e9nes somos"}]},{"@type":"WebSite","@id":"https:\/\/fisiominyu.com\/#website","url":"https:\/\/fisiominyu.com\/","name":"Fisioter\u00e0pia Minyu","description":"\u00c9s salut!","publisher":{"@id":"https:\/\/fisiominyu.com\/#organization"},"potentialAction":[{"@type":"SearchAction","target":{"@type":"EntryPoint","urlTemplate":"https:\/\/fisiominyu.com\/?s={search_term_string}"},"query-input":{"@type":"PropertyValueSpecification","valueRequired":true,"valueName":"search_term_string"}}],"inLanguage":"es"},{"@type":"Organization","@id":"https:\/\/fisiominyu.com\/#organization","name":"Fisioter\u00e0pia Minyu","url":"https:\/\/fisiominyu.com\/","logo":{"@type":"ImageObject","inLanguage":"es","@id":"https:\/\/fisiominyu.com\/#\/schema\/logo\/image\/","url":"https:\/\/fisiominyu.com\/wp-content\/uploads\/2024\/03\/logoweb-e1709828131936.png","contentUrl":"https:\/\/fisiominyu.com\/wp-content\/uploads\/2024\/03\/logoweb-e1709828131936.png","width":794,"height":607,"caption":"Fisioter\u00e0pia Minyu"},"image":{"@id":"https:\/\/fisiominyu.com\/#\/schema\/logo\/image\/"},"sameAs":["https:\/\/www.facebook.com\/people\/FisioterC3A0pia-Minyu\/pfbid02YMzozxjt9hvDZXYzAsbwkQBiLnoKRGpzNZCQFsCsw1AriPhh3U9es5wGdtbfMe5Nl\/","https:\/\/www.instagram.com\/fisiominyu\/"]}]}},"_links":{"self":[{"href":"https:\/\/fisiominyu.com\/es\/wp-json\/wp\/v2\/pages\/11447","targetHints":{"allow":["GET"]}}],"collection":[{"href":"https:\/\/fisiominyu.com\/es\/wp-json\/wp\/v2\/pages"}],"about":[{"href":"https:\/\/fisiominyu.com\/es\/wp-json\/wp\/v2\/types\/page"}],"author":[{"embeddable":true,"href":"https:\/\/fisiominyu.com\/es\/wp-json\/wp\/v2\/users\/1"}],"replies":[{"embeddable":true,"href":"https:\/\/fisiominyu.com\/es\/wp-json\/wp\/v2\/comments?post=11447"}],"version-history":[{"count":24,"href":"https:\/\/fisiominyu.com\/es\/wp-json\/wp\/v2\/pages\/11447\/revisions"}],"predecessor-version":[{"id":11980,"href":"https:\/\/fisiominyu.com\/es\/wp-json\/wp\/v2\/pages\/11447\/revisions\/11980"}],"wp:attachment":[{"href":"https:\/\/fisiominyu.com\/es\/wp-json\/wp\/v2\/media?parent=11447"}],"curies":[{"name":"wp","href":"https:\/\/api.w.org\/{rel}","templated":true}]}}